{"id":19,"date":"2024-04-24T17:19:43","date_gmt":"2024-04-24T15:19:43","guid":{"rendered":"https:\/\/www.am-df.fr\/?page_id=19"},"modified":"2024-04-25T10:31:42","modified_gmt":"2024-04-25T08:31:42","slug":"location","status":"publish","type":"page","link":"https:\/\/www.am-df.fr\/index.php\/location\/","title":{"rendered":"Campus Connect\u00e9"},"content":{"rendered":"\n<p><em><strong>Qu&#8217;est-ce qu&#8217;un Campus Connect\u00e9 ?<\/strong><\/em><\/p>\n\n\n\n<p>Un Campus Connect\u00e9 est lieu de formation labellis\u00e9 par le minist\u00e8re de l&#8217;Enseignement sup\u00e9rieur et de la Recherche, mis \u00e0 disposition et port\u00e9 par des collectivit\u00e9s territoriales. L&#8217;encadrement p\u00e9dagogique est assur\u00e9 par l&#8217;\u00e9tablissement d&#8217;enseignement sup\u00e9rieur partenaire.<\/p>\n\n\n\n<p><\/p>\n\n\n\n<p><\/p>\n\n\n\n<h5 class=\"wp-block-heading has-text-align-center\"><em><mark style=\"background-color:rgba(0, 0, 0, 0);color:#6923ab\" class=\"has-inline-color\">Comment int\u00e9grer le Campus Connect\u00e9 d&#8217;Autun ?<\/mark><\/em><\/h5>\n\n\n\n<p><\/p>\n\n\n\n<p><\/p>\n\n\n\n<p class=\"has-text-align-center\"><strong>Pour les futurs bacheliers\/bacheli\u00e8res et Bac +1<\/strong><\/p>\n\n\n\n<div class=\"wp-block-media-text alignfull has-media-on-the-right is-stacked-on-mobile is-vertically-aligned-center\"><div class=\"wp-block-media-text__content\">\n<p class=\"has-text-align-left has-light-green-cyan-background-color has-background\">Rechercher un \u00e9tablissement d\u2019enseignement sup\u00e9rieur qui propose la formation \u00e0 distance<\/p>\n\n\n\n<p class=\"has-text-align-left has-light-green-cyan-background-color has-background\">Formuler son v\u0153u sur Parcoursup ou aupr\u00e8s d\u2019un \u00e9tablissement d\u2019enseignement sup\u00e9rieur sur :&nbsp;<a href=\"http:\/\/www.ecandidats.net\/\">e-candidat.net&nbsp;<\/a>&nbsp;(pour les L2, L3 \u2026)<\/p>\n\n\n\n<p class=\"has-text-align-left has-light-green-cyan-background-color has-background\">Candidater aupr\u00e8s du Campus Connect\u00e9 d&#8217;Autun et remplir un formulaire de pr\u00e9inscription<\/p>\n\n\n\n<p class=\"has-text-align-left has-light-green-cyan-background-color has-background\">Participer \u00e0 un entretien individuel pour int\u00e9grer le Campus Connect\u00e9 d&#8217;Autun<\/p>\n\n\n\n<p class=\"has-text-align-left has-light-green-cyan-background-color has-background\">Finaliser son inscription au Campus Connect\u00e9 d&#8217;Autun<\/p>\n<\/div><figure class=\"wp-block-media-text__media\"><img loading=\"lazy\" decoding=\"async\" width=\"1024\" height=\"724\" src=\"https:\/\/www.am-df.fr\/wp-content\/uploads\/2024\/04\/7-1024x724.png\" alt=\"\" class=\"wp-image-107 size-full\" srcset=\"https:\/\/www.am-df.fr\/wp-content\/uploads\/2024\/04\/7-1024x724.png 1024w, https:\/\/www.am-df.fr\/wp-content\/uploads\/2024\/04\/7-300x212.png 300w, https:\/\/www.am-df.fr\/wp-content\/uploads\/2024\/04\/7-768x543.png 768w, https:\/\/www.am-df.fr\/wp-content\/uploads\/2024\/04\/7-1536x1086.png 1536w, https:\/\/www.am-df.fr\/wp-content\/uploads\/2024\/04\/7-2048x1448.png 2048w\" sizes=\"auto, (max-width: 1024px) 100vw, 1024px\" \/><\/figure><\/div>\n\n\n\n<p><\/p>\n\n\n\n<p class=\"has-text-align-center\"><strong>Pour suivre une formation \u00e0 distance hors Parcoursup<\/strong><\/p>\n\n\n\n<div class=\"wp-block-media-text alignfull is-stacked-on-mobile\"><figure class=\"wp-block-media-text__media\"><img loading=\"lazy\" decoding=\"async\" width=\"1024\" height=\"724\" src=\"https:\/\/www.am-df.fr\/wp-content\/uploads\/2024\/04\/8-1024x724.png\" alt=\"\" class=\"wp-image-108 size-full\" srcset=\"https:\/\/www.am-df.fr\/wp-content\/uploads\/2024\/04\/8-1024x724.png 1024w, https:\/\/www.am-df.fr\/wp-content\/uploads\/2024\/04\/8-300x212.png 300w, https:\/\/www.am-df.fr\/wp-content\/uploads\/2024\/04\/8-768x543.png 768w, https:\/\/www.am-df.fr\/wp-content\/uploads\/2024\/04\/8-1536x1086.png 1536w, https:\/\/www.am-df.fr\/wp-content\/uploads\/2024\/04\/8-2048x1448.png 2048w\" sizes=\"auto, (max-width: 1024px) 100vw, 1024px\" \/><\/figure><div class=\"wp-block-media-text__content\">\n<p class=\"has-cyan-bluish-gray-background-color has-background\">Rechercher un organisme de formation qui propose la formation \u00e0 distance<\/p>\n\n\n\n<p class=\"has-cyan-bluish-gray-background-color has-background\">S\u2019inscrire aupr\u00e8s de l\u2019organisme de formation ou \u00e9cole<\/p>\n\n\n\n<p class=\"has-cyan-bluish-gray-background-color has-background\">Candidater aupr\u00e8s du Campus Connect\u00e9 d&#8217;Autun et remplir un formulaire de pr\u00e9inscription<\/p>\n\n\n\n<p class=\"has-cyan-bluish-gray-background-color has-background\">Participer \u00e0 un entretien individuel pour int\u00e9grer le Campus Connect\u00e9 d&#8217;Autun<\/p>\n\n\n\n<p class=\"has-cyan-bluish-gray-background-color has-background\">Finaliser son inscription au Campus Connect\u00e9 d&#8217;Autun<\/p>\n<\/div><\/div>\n","protected":false},"excerpt":{"rendered":"<p>Qu&#8217;est-ce qu&#8217;un Campus Connect\u00e9 ? Un Campus Connect\u00e9 est lieu de formation labellis\u00e9 par le minist\u00e8re de l&#8217;Enseignement sup\u00e9rieur et de la Recherche, mis \u00e0 disposition et port\u00e9 par des collectivit\u00e9s territoriales. L&#8217;encadrement p\u00e9dagogique est assur\u00e9 par l&#8217;\u00e9tablissement d&#8217;enseignement sup\u00e9rieur partenaire. Comment int\u00e9grer le Campus Connect\u00e9 d&#8217;Autun ? Pour les futurs bacheliers\/bacheli\u00e8res et Bac +1 [&hellip;]<\/p>\n","protected":false},"author":1,"featured_media":0,"parent":0,"menu_order":0,"comment_status":"closed","ping_status":"closed","template":"","meta":{"footnotes":""},"class_list":["post-19","page","type-page","status-publish","hentry"],"_links":{"self":[{"href":"https:\/\/www.am-df.fr\/index.php\/wp-json\/wp\/v2\/pages\/19","targetHints":{"allow":["GET"]}}],"collection":[{"href":"https:\/\/www.am-df.fr\/index.php\/wp-json\/wp\/v2\/pages"}],"about":[{"href":"https:\/\/www.am-df.fr\/index.php\/wp-json\/wp\/v2\/types\/page"}],"author":[{"embeddable":true,"href":"https:\/\/www.am-df.fr\/index.php\/wp-json\/wp\/v2\/users\/1"}],"replies":[{"embeddable":true,"href":"https:\/\/www.am-df.fr\/index.php\/wp-json\/wp\/v2\/comments?post=19"}],"version-history":[{"count":27,"href":"https:\/\/www.am-df.fr\/index.php\/wp-json\/wp\/v2\/pages\/19\/revisions"}],"predecessor-version":[{"id":219,"href":"https:\/\/www.am-df.fr\/index.php\/wp-json\/wp\/v2\/pages\/19\/revisions\/219"}],"wp:attachment":[{"href":"https:\/\/www.am-df.fr\/index.php\/wp-json\/wp\/v2\/media?parent=19"}],"curies":[{"name":"wp","href":"https:\/\/api.w.org\/{rel}","templated":true}]}}