{"id":15,"date":"2024-04-24T17:19:13","date_gmt":"2024-04-24T15:19:13","guid":{"rendered":"https:\/\/www.am-df.fr\/?page_id=15"},"modified":"2024-04-25T09:36:39","modified_gmt":"2024-04-25T07:36:39","slug":"domotique","status":"publish","type":"page","link":"https:\/\/www.am-df.fr\/index.php\/domotique\/","title":{"rendered":"Appartement p\u00e9dagogique"},"content":{"rendered":"\n<h4 class=\"wp-block-heading\">Formation \u00e0 la domotique<\/h4>\n\n\n\n<p>Un appartement p\u00e9dagogique pour les soins et services \u00e0 la personne unique sur le territoire.<\/p>\n\n\n\n<figure class=\"wp-block-gallery has-nested-images columns-default is-cropped wp-block-gallery-1 is-layout-flex wp-block-gallery-is-layout-flex\">\n<figure class=\"wp-block-image size-large\"><img loading=\"lazy\" decoding=\"async\" width=\"1024\" height=\"461\" data-id=\"206\" src=\"https:\/\/www.am-df.fr\/wp-content\/uploads\/2024\/04\/20230323_140805-1024x461.jpg\" alt=\"\" class=\"wp-image-206\" srcset=\"https:\/\/www.am-df.fr\/wp-content\/uploads\/2024\/04\/20230323_140805-1024x461.jpg 1024w, https:\/\/www.am-df.fr\/wp-content\/uploads\/2024\/04\/20230323_140805-300x135.jpg 300w, https:\/\/www.am-df.fr\/wp-content\/uploads\/2024\/04\/20230323_140805-768x346.jpg 768w, https:\/\/www.am-df.fr\/wp-content\/uploads\/2024\/04\/20230323_140805-1536x691.jpg 1536w, https:\/\/www.am-df.fr\/wp-content\/uploads\/2024\/04\/20230323_140805-2048x922.jpg 2048w\" sizes=\"auto, (max-width: 1024px) 100vw, 1024px\" \/><\/figure>\n\n\n\n<figure class=\"wp-block-image size-large\"><img loading=\"lazy\" decoding=\"async\" width=\"1024\" height=\"461\" data-id=\"204\" src=\"https:\/\/www.am-df.fr\/wp-content\/uploads\/2024\/04\/20230323_140811-1024x461.jpg\" alt=\"\" class=\"wp-image-204\" srcset=\"https:\/\/www.am-df.fr\/wp-content\/uploads\/2024\/04\/20230323_140811-1024x461.jpg 1024w, https:\/\/www.am-df.fr\/wp-content\/uploads\/2024\/04\/20230323_140811-300x135.jpg 300w, https:\/\/www.am-df.fr\/wp-content\/uploads\/2024\/04\/20230323_140811-768x346.jpg 768w, https:\/\/www.am-df.fr\/wp-content\/uploads\/2024\/04\/20230323_140811-1536x691.jpg 1536w, https:\/\/www.am-df.fr\/wp-content\/uploads\/2024\/04\/20230323_140811-2048x922.jpg 2048w\" sizes=\"auto, (max-width: 1024px) 100vw, 1024px\" \/><\/figure>\n\n\n\n<figure class=\"wp-block-image size-large\"><img loading=\"lazy\" decoding=\"async\" width=\"1024\" height=\"461\" data-id=\"205\" src=\"https:\/\/www.am-df.fr\/wp-content\/uploads\/2024\/04\/20230323_140850-1024x461.jpg\" alt=\"\" class=\"wp-image-205\" srcset=\"https:\/\/www.am-df.fr\/wp-content\/uploads\/2024\/04\/20230323_140850-1024x461.jpg 1024w, https:\/\/www.am-df.fr\/wp-content\/uploads\/2024\/04\/20230323_140850-300x135.jpg 300w, https:\/\/www.am-df.fr\/wp-content\/uploads\/2024\/04\/20230323_140850-768x346.jpg 768w, https:\/\/www.am-df.fr\/wp-content\/uploads\/2024\/04\/20230323_140850-1536x691.jpg 1536w, https:\/\/www.am-df.fr\/wp-content\/uploads\/2024\/04\/20230323_140850-2048x922.jpg 2048w\" sizes=\"auto, (max-width: 1024px) 100vw, 1024px\" \/><\/figure>\n\n\n\n<figure class=\"wp-block-image size-large\"><img loading=\"lazy\" decoding=\"async\" width=\"1024\" height=\"461\" data-id=\"203\" src=\"https:\/\/www.am-df.fr\/wp-content\/uploads\/2024\/04\/20230323_141129-1024x461.jpg\" alt=\"\" class=\"wp-image-203\" srcset=\"https:\/\/www.am-df.fr\/wp-content\/uploads\/2024\/04\/20230323_141129-1024x461.jpg 1024w, https:\/\/www.am-df.fr\/wp-content\/uploads\/2024\/04\/20230323_141129-300x135.jpg 300w, https:\/\/www.am-df.fr\/wp-content\/uploads\/2024\/04\/20230323_141129-768x346.jpg 768w, https:\/\/www.am-df.fr\/wp-content\/uploads\/2024\/04\/20230323_141129-1536x691.jpg 1536w, https:\/\/www.am-df.fr\/wp-content\/uploads\/2024\/04\/20230323_141129-2048x922.jpg 2048w\" sizes=\"auto, (max-width: 1024px) 100vw, 1024px\" \/><\/figure>\n<\/figure>\n","protected":false},"excerpt":{"rendered":"<p>Formation \u00e0 la domotique Un appartement p\u00e9dagogique pour les soins et services \u00e0 la personne unique sur le territoire.<\/p>\n","protected":false},"author":1,"featured_media":0,"parent":0,"menu_order":0,"comment_status":"closed","ping_status":"closed","template":"","meta":{"footnotes":""},"class_list":["post-15","page","type-page","status-publish","hentry"],"_links":{"self":[{"href":"https:\/\/www.am-df.fr\/index.php\/wp-json\/wp\/v2\/pages\/15","targetHints":{"allow":["GET"]}}],"collection":[{"href":"https:\/\/www.am-df.fr\/index.php\/wp-json\/wp\/v2\/pages"}],"about":[{"href":"https:\/\/www.am-df.fr\/index.php\/wp-json\/wp\/v2\/types\/page"}],"author":[{"embeddable":true,"href":"https:\/\/www.am-df.fr\/index.php\/wp-json\/wp\/v2\/users\/1"}],"replies":[{"embeddable":true,"href":"https:\/\/www.am-df.fr\/index.php\/wp-json\/wp\/v2\/comments?post=15"}],"version-history":[{"count":5,"href":"https:\/\/www.am-df.fr\/index.php\/wp-json\/wp\/v2\/pages\/15\/revisions"}],"predecessor-version":[{"id":208,"href":"https:\/\/www.am-df.fr\/index.php\/wp-json\/wp\/v2\/pages\/15\/revisions\/208"}],"wp:attachment":[{"href":"https:\/\/www.am-df.fr\/index.php\/wp-json\/wp\/v2\/media?parent=15"}],"curies":[{"name":"wp","href":"https:\/\/api.w.org\/{rel}","templated":true}]}}