{"id":11,"date":"2024-04-24T17:18:42","date_gmt":"2024-04-24T15:18:42","guid":{"rendered":"https:\/\/www.am-df.fr\/?page_id=11"},"modified":"2025-10-19T16:40:05","modified_gmt":"2025-10-19T14:40:05","slug":"formation","status":"publish","type":"page","link":"https:\/\/www.am-df.fr\/index.php\/formation\/","title":{"rendered":"Campus et CFA"},"content":{"rendered":"\n<h4 class=\"wp-block-heading\"><strong><mark style=\"background-color:rgba(0, 0, 0, 0);color:#4b088a\" class=\"has-inline-color\">Des formations adapt\u00e9es de proximit\u00e9<\/mark><\/strong><\/h4>\n\n\n\n<p>Situ\u00e9 \u00e0 Autun au C\u0153ur de la Bourgogne, le Campus C\u0153ur de Bourgogne propose des formations professionnelles adapt\u00e9es de proximit\u00e9 afin de favoriser l&#8217;insertion professionnelle et participer \u00e0 la r\u00e9sorption du ch\u00f4mage. Notre CFA proposes des formations en Num\u00e9rique et Tous M\u00e9tiers<\/p>\n\n\n\n<p><mark style=\"background-color:rgba(0, 0, 0, 0);color:#54069d\" class=\"has-inline-color\"><em>Cliquez sur l&#8217;image pour acc\u00e9der au site du Campus C\u0153ur de Bourgogne<\/em><\/mark><\/p>\n\n\n\n<figure class=\"wp-block-image size-large\"><a href=\"https:\/\/www.campus-autun.tech\"><img loading=\"lazy\" decoding=\"async\" width=\"1024\" height=\"682\" src=\"http:\/\/www.am-df.fr\/wp-content\/uploads\/2024\/04\/Logo-fond-transparent-1024x682.png\" alt=\"\" class=\"wp-image-97\" srcset=\"https:\/\/www.am-df.fr\/wp-content\/uploads\/2024\/04\/Logo-fond-transparent-1024x682.png 1024w, https:\/\/www.am-df.fr\/wp-content\/uploads\/2024\/04\/Logo-fond-transparent-300x200.png 300w, https:\/\/www.am-df.fr\/wp-content\/uploads\/2024\/04\/Logo-fond-transparent-768x512.png 768w, https:\/\/www.am-df.fr\/wp-content\/uploads\/2024\/04\/Logo-fond-transparent-1536x1024.png 1536w, https:\/\/www.am-df.fr\/wp-content\/uploads\/2024\/04\/Logo-fond-transparent.png 1772w\" sizes=\"auto, (max-width: 1024px) 100vw, 1024px\" \/><\/a><\/figure>\n\n\n\n<p><\/p>\n","protected":false},"excerpt":{"rendered":"<p>Des formations adapt\u00e9es de proximit\u00e9 Situ\u00e9 \u00e0 Autun au C\u0153ur de la Bourgogne, le Campus C\u0153ur de Bourgogne propose des formations professionnelles adapt\u00e9es de proximit\u00e9 afin de favoriser l&#8217;insertion professionnelle et participer \u00e0 la r\u00e9sorption du ch\u00f4mage. Notre CFA proposes des formations en Num\u00e9rique et Tous M\u00e9tiers Cliquez sur l&#8217;image pour acc\u00e9der au site du [&hellip;]<\/p>\n","protected":false},"author":1,"featured_media":0,"parent":0,"menu_order":0,"comment_status":"closed","ping_status":"closed","template":"","meta":{"footnotes":""},"class_list":["post-11","page","type-page","status-publish","hentry"],"_links":{"self":[{"href":"https:\/\/www.am-df.fr\/index.php\/wp-json\/wp\/v2\/pages\/11","targetHints":{"allow":["GET"]}}],"collection":[{"href":"https:\/\/www.am-df.fr\/index.php\/wp-json\/wp\/v2\/pages"}],"about":[{"href":"https:\/\/www.am-df.fr\/index.php\/wp-json\/wp\/v2\/types\/page"}],"author":[{"embeddable":true,"href":"https:\/\/www.am-df.fr\/index.php\/wp-json\/wp\/v2\/users\/1"}],"replies":[{"embeddable":true,"href":"https:\/\/www.am-df.fr\/index.php\/wp-json\/wp\/v2\/comments?post=11"}],"version-history":[{"count":13,"href":"https:\/\/www.am-df.fr\/index.php\/wp-json\/wp\/v2\/pages\/11\/revisions"}],"predecessor-version":[{"id":242,"href":"https:\/\/www.am-df.fr\/index.php\/wp-json\/wp\/v2\/pages\/11\/revisions\/242"}],"wp:attachment":[{"href":"https:\/\/www.am-df.fr\/index.php\/wp-json\/wp\/v2\/media?parent=11"}],"curies":[{"name":"wp","href":"https:\/\/api.w.org\/{rel}","templated":true}]}}